{"id":2178,"date":"2023-04-14T12:52:16","date_gmt":"2023-04-14T17:52:16","guid":{"rendered":"https:\/\/thesilverxp.com\/?page_id=2178"},"modified":"2023-07-25T16:17:36","modified_gmt":"2023-07-25T21:17:36","slug":"blog","status":"publish","type":"page","link":"https:\/\/thesilverxp.com\/en\/blog\/","title":{"rendered":"Blog"},"content":{"rendered":"<div data-elementor-type=\"wp-page\" data-elementor-id=\"2178\" class=\"elementor elementor-2178\" data-elementor-settings=\"{&quot;ha_cmc_init_switcher&quot;:&quot;no&quot;}\" data-elementor-post-type=\"page\">\n\t\t\t\t<div class=\"elementor-element elementor-element-0ed180a e-flex e-con-boxed e-con e-parent\" data-id=\"0ed180a\" data-element_type=\"container\" data-e-type=\"container\" data-settings=\"{&quot;_ha_eqh_enable&quot;:false}\">\n\t\t\t\t\t<div class=\"e-con-inner\">\n\t\t\t\t<div class=\"elementor-element elementor-element-84c475b elementor-widget elementor-widget-heading\" data-id=\"84c475b\" data-element_type=\"widget\" data-e-type=\"widget\" data-widget_type=\"heading.default\">\n\t\t\t\t<div class=\"elementor-widget-container\">\n\t\t\t\t\t<h2 class=\"elementor-heading-title elementor-size-default\">THE TRAVELER&#039;S BLOG<\/h2>\t\t\t\t<\/div>\n\t\t\t\t<\/div>\n\t\t\t\t<div class=\"elementor-element elementor-element-8d4763d elementor-widget elementor-widget-text-editor\" data-id=\"8d4763d\" data-element_type=\"widget\" data-e-type=\"widget\" data-widget_type=\"text-editor.default\">\n\t\t\t\t<div class=\"elementor-widget-container\">\n\t\t\t\t\t\t\t\t\t<p>Hello travelers! Welcome to the &quot;Traveler&#039;s Blog&quot; of &quot;The Silver XP&quot;, where we share tips and recommendations to make the most of your vacation in Cancun.<\/p>\n<p>On our adventures, we will take you to dream beaches, coral reefs, Mayan ruins and the best kept secrets of Cancun. In addition, we offer you suggestions on accommodation, transportation and must-see activities.<\/p>\n<p>Do not miss the opportunity to live a unique experience in the Mexican Caribbean. Follow us and subscribe to our newsletter to be aware of our news. We are waiting for you in Cancun!<\/p>\t\t\t\t\t\t\t\t<\/div>\n\t\t\t\t<\/div>\n\t\t\t\t<div class=\"elementor-element elementor-element-029bbab premium-blog-align-center elementor-widget elementor-widget-premium-addon-blog\" data-id=\"029bbab\" data-element_type=\"widget\" data-e-type=\"widget\" data-settings=\"{&quot;premium_blog_columns_number&quot;:&quot;33.33%&quot;,&quot;premium_blog_grid&quot;:&quot;yes&quot;,&quot;premium_blog_layout&quot;:&quot;even&quot;,&quot;premium_blog_columns_number_tablet&quot;:&quot;50%&quot;,&quot;premium_blog_columns_number_mobile&quot;:&quot;100%&quot;}\" data-widget_type=\"premium-addon-blog.default\">\n\t\t\t\t<div class=\"elementor-widget-container\">\n\t\t\t\t\t\n\t\t\n\n\t\t\t\t<div class=\"premium-blog-wrap  premium-blog-even\" data-page=\"2178\">\n\t\t\t\t\t\t\t\t\t<div class=\"premium-blog-post-outer-container\" data-total=\"1\">\n\t\t\t<div class=\"premium-blog-post-container premium-blog-skin-classic\">\n\t\t\t\t\t\t\t\t\t<div class=\"premium-blog-thumb-effect-wrapper\">\n\t\t\t\t\t\t<div class=\"premium-blog-thumbnail-container premium-blog-zoomin-effect\">\n\t\t\t\t\t\t\t<img fetchpriority=\"high\" decoding=\"async\" width=\"825\" height=\"433\" src=\"https:\/\/thesilverxp.com\/wp-content\/uploads\/2023\/06\/1200px630px-WP_STD.jpg\" class=\"attachment-full size-full wp-image-2647\" alt=\"Xibalba. Inframundo maya\" srcset=\"https:\/\/thesilverxp.com\/wp-content\/uploads\/2023\/06\/1200px630px-WP_STD.jpg 825w, https:\/\/thesilverxp.com\/wp-content\/uploads\/2023\/06\/1200px630px-WP_STD-300x157.jpg 300w, https:\/\/thesilverxp.com\/wp-content\/uploads\/2023\/06\/1200px630px-WP_STD-768x403.jpg 768w, https:\/\/thesilverxp.com\/wp-content\/uploads\/2023\/06\/1200px630px-WP_STD-18x9.jpg 18w, https:\/\/thesilverxp.com\/wp-content\/uploads\/2023\/06\/1200px630px-WP_STD-600x315.jpg 600w\" sizes=\"(max-width: 825px) 100vw, 825px\" \/>\t\t\t\t\t\t<\/div>\n\t\t\t\t\t\t\t\t\t\t\t\t\t<div class=\"premium-blog-thumbnail-overlay\">\n\t\t\t\t\t\t\t\t<a class=\"elementor-icon\" href=\"https:\/\/thesilverxp.com\/en\/blog\/xibalba\/\" target=\"_blank\"><\/a>\n\t\t\t\t\t\t\t<\/div>\n\n\t\t\t\t\t\t\t\t\t\t\t\t\t\t\t\t\t\t<\/div>\n\t\t\t\t\t\t\t\t\t\t\t\t<div class=\"premium-blog-content-wrapper\">\n\n\t\t\t\t\t<div class=\"premium-blog-inner-container\">\n\n\t\t\t\t\t\t\t\t\t\t\t\t\t\t<h2 class=\"premium-blog-entry-title\">\n\t\t\t<a href=\"https:\/\/thesilverxp.com\/en\/blog\/xibalba\/\" target=\"_blank\">\n\t\t\t\tDiscover Xibalb\u00e1: The Mayan Underworld\t\t\t<\/a>\n\t\t<\/h2>\n\t\t\t\t<div class=\"premium-blog-entry-meta\">\n\t\t\t\n\t\t\t\t\t\t\t<span class=\"premium-blog-meta-separator\">\u2022<\/span>\n\t\t\t\t<div class=\"premium-blog-post-time premium-blog-meta-data\">\n\t\t\t\t\t<i class=\"fa fa-calendar-alt\" aria-hidden=\"true\"><\/i>\n\t\t\t\t\t<span>06\/25\/2023<\/span>\n\t\t\t\t<\/div>\n\t\t\t\n\t\t\t\n\t\t\t\t\t\t\t<span class=\"premium-blog-meta-separator\">\u2022<\/span>\n\t\t\t\t<div class=\"premium-blog-post-comments premium-blog-meta-data\">\n\t\t\t\t\t<i class=\"fa fa-comments-o fa-fw\" aria-hidden=\"true\"><\/i>\n\t\t\t\t\t<span>No Comments<\/span>\t\t\t\t<\/div>\n\t\t\t\t\t<\/div>\n\t\t\n\t\t\t\t\t<\/div>\n\n\t\t\t\t\t\t\t<div class=\"premium-blog-content-inner-wrapper\">\n\t\t<p class=\"premium-blog-post-content\">Introduction If something is not lacking in the Yucatan peninsula, it is myths and legends; If you know this land, surely you have heard\u2026<\/p>\t\t<\/div>\n\t\t\t\t\t\t\t\n\t\t\t\t<\/div>\n\t\t\t<\/div>\n\t\t<\/div>\n\n\t\t\t\t<div class=\"premium-blog-post-outer-container\" data-total=\"1\">\n\t\t\t<div class=\"premium-blog-post-container premium-blog-skin-classic\">\n\t\t\t\t\t\t\t\t\t<div class=\"premium-blog-thumb-effect-wrapper\">\n\t\t\t\t\t\t<div class=\"premium-blog-thumbnail-container premium-blog-zoomin-effect\">\n\t\t\t\t\t\t\t<img decoding=\"async\" width=\"900\" height=\"473\" src=\"https:\/\/thesilverxp.com\/wp-content\/uploads\/2023\/05\/Nado-con-delfines-1.3.jpg\" class=\"attachment-full size-full wp-image-2545\" alt=\"nado con delfines en cancun\" srcset=\"https:\/\/thesilverxp.com\/wp-content\/uploads\/2023\/05\/Nado-con-delfines-1.3.jpg 900w, https:\/\/thesilverxp.com\/wp-content\/uploads\/2023\/05\/Nado-con-delfines-1.3-300x158.jpg 300w, https:\/\/thesilverxp.com\/wp-content\/uploads\/2023\/05\/Nado-con-delfines-1.3-768x404.jpg 768w, https:\/\/thesilverxp.com\/wp-content\/uploads\/2023\/05\/Nado-con-delfines-1.3-18x9.jpg 18w, https:\/\/thesilverxp.com\/wp-content\/uploads\/2023\/05\/Nado-con-delfines-1.3-600x315.jpg 600w\" sizes=\"(max-width: 900px) 100vw, 900px\" \/>\t\t\t\t\t\t<\/div>\n\t\t\t\t\t\t\t\t\t\t\t\t\t<div class=\"premium-blog-thumbnail-overlay\">\n\t\t\t\t\t\t\t\t<a class=\"elementor-icon\" href=\"https:\/\/thesilverxp.com\/en\/uncategorized\/nado-con-delfines\/\" target=\"_blank\"><\/a>\n\t\t\t\t\t\t\t<\/div>\n\n\t\t\t\t\t\t\t\t\t\t\t\t\t\t\t\t\t\t<\/div>\n\t\t\t\t\t\t\t\t\t\t\t\t<div class=\"premium-blog-content-wrapper\">\n\n\t\t\t\t\t<div class=\"premium-blog-inner-container\">\n\n\t\t\t\t\t\t\t\t\t\t\t\t\t\t<h2 class=\"premium-blog-entry-title\">\n\t\t\t<a href=\"https:\/\/thesilverxp.com\/en\/uncategorized\/nado-con-delfines\/\" target=\"_blank\">\n\t\t\t\tExperience Swimming with Dolphins in Cancun: An Unforgettable Journey\t\t\t<\/a>\n\t\t<\/h2>\n\t\t\t\t<div class=\"premium-blog-entry-meta\">\n\t\t\t\n\t\t\t\t\t\t\t<span class=\"premium-blog-meta-separator\">\u2022<\/span>\n\t\t\t\t<div class=\"premium-blog-post-time premium-blog-meta-data\">\n\t\t\t\t\t<i class=\"fa fa-calendar-alt\" aria-hidden=\"true\"><\/i>\n\t\t\t\t\t<span>05\/31\/2023<\/span>\n\t\t\t\t<\/div>\n\t\t\t\n\t\t\t\n\t\t\t\t\t\t\t<span class=\"premium-blog-meta-separator\">\u2022<\/span>\n\t\t\t\t<div class=\"premium-blog-post-comments premium-blog-meta-data\">\n\t\t\t\t\t<i class=\"fa fa-comments-o fa-fw\" aria-hidden=\"true\"><\/i>\n\t\t\t\t\t<span>No Comments<\/span>\t\t\t\t<\/div>\n\t\t\t\t\t<\/div>\n\t\t\n\t\t\t\t\t<\/div>\n\n\t\t\t\t\t\t\t<div class=\"premium-blog-content-inner-wrapper\">\n\t\t<p class=\"premium-blog-post-content\">Ahhhh I swim with dolphins... Have you ever dreamed of swimming with dolphins? Did you imagine what it would be like to touch her soft and smooth skin or\u2026<\/p>\t\t<\/div>\n\t\t\t\t\t\t\t\n\t\t\t\t<\/div>\n\t\t\t<\/div>\n\t\t<\/div>\n\n\t\t\t\t<div class=\"premium-blog-post-outer-container\" data-total=\"1\">\n\t\t\t<div class=\"premium-blog-post-container premium-blog-skin-classic\">\n\t\t\t\t\t\t\t\t\t<div class=\"premium-blog-thumb-effect-wrapper\">\n\t\t\t\t\t\t<div class=\"premium-blog-thumbnail-container premium-blog-zoomin-effect\">\n\t\t\t\t\t\t\t<img decoding=\"async\" width=\"900\" height=\"473\" src=\"https:\/\/thesilverxp.com\/wp-content\/uploads\/2023\/05\/Lugares-escondidos-cancun.jpg\" class=\"attachment-full size-full wp-image-2641\" alt=\"Lugares ocultos en cancun\" srcset=\"https:\/\/thesilverxp.com\/wp-content\/uploads\/2023\/05\/Lugares-escondidos-cancun.jpg 900w, https:\/\/thesilverxp.com\/wp-content\/uploads\/2023\/05\/Lugares-escondidos-cancun-300x158.jpg 300w, https:\/\/thesilverxp.com\/wp-content\/uploads\/2023\/05\/Lugares-escondidos-cancun-768x404.jpg 768w, https:\/\/thesilverxp.com\/wp-content\/uploads\/2023\/05\/Lugares-escondidos-cancun-18x9.jpg 18w, https:\/\/thesilverxp.com\/wp-content\/uploads\/2023\/05\/Lugares-escondidos-cancun-600x315.jpg 600w\" sizes=\"(max-width: 900px) 100vw, 900px\" \/>\t\t\t\t\t\t<\/div>\n\t\t\t\t\t\t\t\t\t\t\t\t\t<div class=\"premium-blog-thumbnail-overlay\">\n\t\t\t\t\t\t\t\t<a class=\"elementor-icon\" href=\"https:\/\/thesilverxp.com\/en\/blog\/lugares-escondidos-en-cancun\/\" target=\"_blank\"><\/a>\n\t\t\t\t\t\t\t<\/div>\n\n\t\t\t\t\t\t\t\t\t\t\t\t\t\t\t\t\t\t<\/div>\n\t\t\t\t\t\t\t\t\t\t\t\t<div class=\"premium-blog-content-wrapper\">\n\n\t\t\t\t\t<div class=\"premium-blog-inner-container\">\n\n\t\t\t\t\t\t\t\t\t\t\t\t\t\t<h2 class=\"premium-blog-entry-title\">\n\t\t\t<a href=\"https:\/\/thesilverxp.com\/en\/blog\/lugares-escondidos-en-cancun\/\" target=\"_blank\">\n\t\t\t\tDiscover the hidden places in Cancun that you must visit on your next adventure to the Caribbean\t\t\t<\/a>\n\t\t<\/h2>\n\t\t\t\t<div class=\"premium-blog-entry-meta\">\n\t\t\t\n\t\t\t\t\t\t\t<span class=\"premium-blog-meta-separator\">\u2022<\/span>\n\t\t\t\t<div class=\"premium-blog-post-time premium-blog-meta-data\">\n\t\t\t\t\t<i class=\"fa fa-calendar-alt\" aria-hidden=\"true\"><\/i>\n\t\t\t\t\t<span>05\/22\/2023<\/span>\n\t\t\t\t<\/div>\n\t\t\t\n\t\t\t\n\t\t\t\t\t\t\t<span class=\"premium-blog-meta-separator\">\u2022<\/span>\n\t\t\t\t<div class=\"premium-blog-post-comments premium-blog-meta-data\">\n\t\t\t\t\t<i class=\"fa fa-comments-o fa-fw\" aria-hidden=\"true\"><\/i>\n\t\t\t\t\t<span>No Comments<\/span>\t\t\t\t<\/div>\n\t\t\t\t\t<\/div>\n\t\t\n\t\t\t\t\t<\/div>\n\n\t\t\t\t\t\t\t<div class=\"premium-blog-content-inner-wrapper\">\n\t\t<p class=\"premium-blog-post-content\">Cancun, with its pristine white-sand beaches, turquoise-blue waters, and vibrant nightlife, has earned an enviable reputation...<\/p>\t\t<\/div>\n\t\t\t\t\t\t\t\n\t\t\t\t<\/div>\n\t\t\t<\/div>\n\t\t<\/div>\n\n\t\t\t\t<div class=\"premium-blog-post-outer-container\" data-total=\"1\">\n\t\t\t<div class=\"premium-blog-post-container premium-blog-skin-classic\">\n\t\t\t\t\t\t\t\t\t<div class=\"premium-blog-thumb-effect-wrapper\">\n\t\t\t\t\t\t<div class=\"premium-blog-thumbnail-container premium-blog-zoomin-effect\">\n\t\t\t\t\t\t\t<img loading=\"lazy\" decoding=\"async\" width=\"2560\" height=\"1707\" src=\"https:\/\/thesilverxp.com\/wp-content\/uploads\/2023\/04\/xcaret-beach-by-wrapped-canvas-photograph-scaled.webp\" class=\"attachment-full size-full wp-image-2237\" alt=\"\" srcset=\"https:\/\/thesilverxp.com\/wp-content\/uploads\/2023\/04\/xcaret-beach-by-wrapped-canvas-photograph-scaled.webp 2560w, https:\/\/thesilverxp.com\/wp-content\/uploads\/2023\/04\/xcaret-beach-by-wrapped-canvas-photograph-300x200.webp 300w, https:\/\/thesilverxp.com\/wp-content\/uploads\/2023\/04\/xcaret-beach-by-wrapped-canvas-photograph-1024x683.webp 1024w, https:\/\/thesilverxp.com\/wp-content\/uploads\/2023\/04\/xcaret-beach-by-wrapped-canvas-photograph-768x512.webp 768w, https:\/\/thesilverxp.com\/wp-content\/uploads\/2023\/04\/xcaret-beach-by-wrapped-canvas-photograph-1536x1024.webp 1536w, https:\/\/thesilverxp.com\/wp-content\/uploads\/2023\/04\/xcaret-beach-by-wrapped-canvas-photograph-2048x1365.webp 2048w, https:\/\/thesilverxp.com\/wp-content\/uploads\/2023\/04\/xcaret-beach-by-wrapped-canvas-photograph-18x12.webp 18w, https:\/\/thesilverxp.com\/wp-content\/uploads\/2023\/04\/xcaret-beach-by-wrapped-canvas-photograph-600x400.webp 600w\" sizes=\"(max-width: 2560px) 100vw, 2560px\" \/>\t\t\t\t\t\t<\/div>\n\t\t\t\t\t\t\t\t\t\t\t\t\t<div class=\"premium-blog-thumbnail-overlay\">\n\t\t\t\t\t\t\t\t<a class=\"elementor-icon\" href=\"https:\/\/thesilverxp.com\/en\/uncategorized\/xcaret-cancun\/\" target=\"_blank\"><\/a>\n\t\t\t\t\t\t\t<\/div>\n\n\t\t\t\t\t\t\t\t\t\t\t\t\t\t\t\t\t\t<\/div>\n\t\t\t\t\t\t\t\t\t\t\t\t<div class=\"premium-blog-content-wrapper\">\n\n\t\t\t\t\t<div class=\"premium-blog-inner-container\">\n\n\t\t\t\t\t\t\t\t\t\t\t\t\t\t<h2 class=\"premium-blog-entry-title\">\n\t\t\t<a href=\"https:\/\/thesilverxp.com\/en\/uncategorized\/xcaret-cancun\/\" target=\"_blank\">\n\t\t\t\tXcaret, Cancun\t\t\t<\/a>\n\t\t<\/h2>\n\t\t\t\t<div class=\"premium-blog-entry-meta\">\n\t\t\t\n\t\t\t\t\t\t\t<span class=\"premium-blog-meta-separator\">\u2022<\/span>\n\t\t\t\t<div class=\"premium-blog-post-time premium-blog-meta-data\">\n\t\t\t\t\t<i class=\"fa fa-calendar-alt\" aria-hidden=\"true\"><\/i>\n\t\t\t\t\t<span>05\/22\/2023<\/span>\n\t\t\t\t<\/div>\n\t\t\t\n\t\t\t\n\t\t\t\t\t\t\t<span class=\"premium-blog-meta-separator\">\u2022<\/span>\n\t\t\t\t<div class=\"premium-blog-post-comments premium-blog-meta-data\">\n\t\t\t\t\t<i class=\"fa fa-comments-o fa-fw\" aria-hidden=\"true\"><\/i>\n\t\t\t\t\t<span>No Comments<\/span>\t\t\t\t<\/div>\n\t\t\t\t\t<\/div>\n\t\t\n\t\t\t\t\t<\/div>\n\n\t\t\t\t\t\t\t<div class=\"premium-blog-content-inner-wrapper\">\n\t\t<p class=\"premium-blog-post-content\">Welcome everyone to my blog! Today I will tell you about my incredible experience at Xcaret, Cancun. Get ready to enter a world full...<\/p>\t\t<\/div>\n\t\t\t\t\t\t\t\n\t\t\t\t<\/div>\n\t\t\t<\/div>\n\t\t<\/div>\n\n\t\t\t\t<div class=\"premium-blog-post-outer-container\" data-total=\"1\">\n\t\t\t<div class=\"premium-blog-post-container premium-blog-skin-classic\">\n\t\t\t\t\t\t\t\t\t<div class=\"premium-blog-thumb-effect-wrapper\">\n\t\t\t\t\t\t<div class=\"premium-blog-thumbnail-container premium-blog-zoomin-effect\">\n\t\t\t\t\t\t\t<img loading=\"lazy\" decoding=\"async\" width=\"750\" height=\"394\" src=\"https:\/\/thesilverxp.com\/wp-content\/uploads\/2023\/05\/1200px630px-BLOG1v.2.jpg\" class=\"attachment-full size-full wp-image-2373\" alt=\"Tours en Canc\u00fan\" srcset=\"https:\/\/thesilverxp.com\/wp-content\/uploads\/2023\/05\/1200px630px-BLOG1v.2.jpg 750w, https:\/\/thesilverxp.com\/wp-content\/uploads\/2023\/05\/1200px630px-BLOG1v.2-300x158.jpg 300w, https:\/\/thesilverxp.com\/wp-content\/uploads\/2023\/05\/1200px630px-BLOG1v.2-18x9.jpg 18w, https:\/\/thesilverxp.com\/wp-content\/uploads\/2023\/05\/1200px630px-BLOG1v.2-600x315.jpg 600w\" sizes=\"(max-width: 750px) 100vw, 750px\" \/>\t\t\t\t\t\t<\/div>\n\t\t\t\t\t\t\t\t\t\t\t\t\t<div class=\"premium-blog-thumbnail-overlay\">\n\t\t\t\t\t\t\t\t<a class=\"elementor-icon\" href=\"https:\/\/thesilverxp.com\/en\/blog\/tours-en-cancun\/\" target=\"_blank\"><\/a>\n\t\t\t\t\t\t\t<\/div>\n\n\t\t\t\t\t\t\t\t\t\t\t\t\t\t\t\t\t\t<\/div>\n\t\t\t\t\t\t\t\t\t\t\t\t<div class=\"premium-blog-content-wrapper\">\n\n\t\t\t\t\t<div class=\"premium-blog-inner-container\">\n\n\t\t\t\t\t\t\t\t\t\t\t\t\t\t<h2 class=\"premium-blog-entry-title\">\n\t\t\t<a href=\"https:\/\/thesilverxp.com\/en\/blog\/tours-en-cancun\/\" target=\"_blank\">\n\t\t\t\tTours in Cancun: 9 tips to travel without complications\t\t\t<\/a>\n\t\t<\/h2>\n\t\t\t\t<div class=\"premium-blog-entry-meta\">\n\t\t\t\n\t\t\t\t\t\t\t<span class=\"premium-blog-meta-separator\">\u2022<\/span>\n\t\t\t\t<div class=\"premium-blog-post-time premium-blog-meta-data\">\n\t\t\t\t\t<i class=\"fa fa-calendar-alt\" aria-hidden=\"true\"><\/i>\n\t\t\t\t\t<span>05\/22\/2023<\/span>\n\t\t\t\t<\/div>\n\t\t\t\n\t\t\t\n\t\t\t\t\t\t\t<span class=\"premium-blog-meta-separator\">\u2022<\/span>\n\t\t\t\t<div class=\"premium-blog-post-comments premium-blog-meta-data\">\n\t\t\t\t\t<i class=\"fa fa-comments-o fa-fw\" aria-hidden=\"true\"><\/i>\n\t\t\t\t\t<span>No Comments<\/span>\t\t\t\t<\/div>\n\t\t\t\t\t<\/div>\n\t\t\n\t\t\t\t\t<\/div>\n\n\t\t\t\t\t\t\t<div class=\"premium-blog-content-inner-wrapper\">\n\t\t<p class=\"premium-blog-post-content\">Tours in Cancun, exploring the southeast or just an escape to the beach, The Silver XP is here to make your\u2026<\/p>\t\t<\/div>\n\t\t\t\t\t\t\t\n\t\t\t\t<\/div>\n\t\t\t<\/div>\n\t\t<\/div>\n\n\t\t\t\t\t\t\t<\/div>\n\n\t\t\n\t\t\n\t\t\t\t\t\t<\/div>\n\t\t\t\t<\/div>\n\t\t\t\t\t<\/div>\n\t\t\t\t<\/div>\n\t\t\t\t<\/div>","protected":false},"excerpt":{"rendered":"<p>EL BLOG DEL VIAJERO \u00a1Hola viajeros! Bienvenidos al &#8220;Blog del Viajero&#8221; de &#8220;The Silver XP&#8221;, donde compartimos consejos y recomendaciones para disfrutar al m\u00e1ximo de tus vacaciones en Canc\u00fan. En nuestras aventuras, te llevaremos a playas de ensue\u00f1o, arrecifes de coral, ruinas mayas y a los secretos mejor guardados de Canc\u00fan. Adem\u00e1s, te ofrecemos sugerencias [&hellip;]<\/p>\n","protected":false},"author":1,"featured_media":0,"parent":0,"menu_order":0,"comment_status":"closed","ping_status":"closed","template":"","meta":{"_mi_skip_tracking":false,"_joinchat":[],"footnotes":""},"class_list":["post-2178","page","type-page","status-publish","hentry"],"_links":{"self":[{"href":"https:\/\/thesilverxp.com\/en\/wp-json\/wp\/v2\/pages\/2178","targetHints":{"allow":["GET"]}}],"collection":[{"href":"https:\/\/thesilverxp.com\/en\/wp-json\/wp\/v2\/pages"}],"about":[{"href":"https:\/\/thesilverxp.com\/en\/wp-json\/wp\/v2\/types\/page"}],"author":[{"embeddable":true,"href":"https:\/\/thesilverxp.com\/en\/wp-json\/wp\/v2\/users\/1"}],"replies":[{"embeddable":true,"href":"https:\/\/thesilverxp.com\/en\/wp-json\/wp\/v2\/comments?post=2178"}],"version-history":[{"count":14,"href":"https:\/\/thesilverxp.com\/en\/wp-json\/wp\/v2\/pages\/2178\/revisions"}],"predecessor-version":[{"id":2688,"href":"https:\/\/thesilverxp.com\/en\/wp-json\/wp\/v2\/pages\/2178\/revisions\/2688"}],"wp:attachment":[{"href":"https:\/\/thesilverxp.com\/en\/wp-json\/wp\/v2\/media?parent=2178"}],"curies":[{"name":"wp","href":"https:\/\/api.w.org\/{rel}","templated":true}]}}